{"id":954,"date":"2023-04-28T10:37:09","date_gmt":"2023-04-28T08:37:09","guid":{"rendered":"https:\/\/weyrich.lu\/emplois\/"},"modified":"2025-07-11T13:46:49","modified_gmt":"2025-07-11T11:46:49","slug":"emplois","status":"publish","type":"page","link":"https:\/\/weyrich.lu\/fr\/emplois\/","title":{"rendered":"Emplois"},"content":{"rendered":"<p>[et_pb_section fb_built=\u00a0\u00bb1&Prime; disabled_on=\u00a0\u00bboff|off|off\u00a0\u00bb _builder_version=\u00a0\u00bb4.20.4&Prime; _module_preset=\u00a0\u00bbdefault\u00a0\u00bb background_color=\u00a0\u00bbrgba(0,0,0,0.53)\u00a0\u00bb background_image=\u00a0\u00bbhttps:\/\/weyrich.lu\/wp-content\/uploads\/2023\/04\/metty-weyrich-fils-bild-5.jpg\u00a0\u00bb background_position=\u00a0\u00bbbottom_center\u00a0\u00bb background_blend=\u00a0\u00bbsoft-light\u00a0\u00bb height_tablet=\u00a0\u00bb70vh\u00a0\u00bb height_phone=\u00a0\u00bb40vh\u00a0\u00bb height_last_edited=\u00a0\u00bboff|desktop\u00a0\u00bb custom_padding=\u00a0\u00bb15rem||15rem||true|false\u00a0\u00bb global_colors_info=\u00a0\u00bb{}\u00a0\u00bb][et_pb_row use_custom_gutter=\u00a0\u00bbon\u00a0\u00bb gutter_width=\u00a0\u00bb2&Prime; make_equal=\u00a0\u00bbon\u00a0\u00bb _builder_version=\u00a0\u00bb4.20.4&Prime; _module_preset=\u00a0\u00bbdefault\u00a0\u00bb positioning=\u00a0\u00bbabsolute\u00a0\u00bb position_origin_a=\u00a0\u00bbcenter_center\u00a0\u00bb width=\u00a0\u00bb90%\u00a0\u00bb max_width=\u00a0\u00bb1140px\u00a0\u00bb global_colors_info=\u00a0\u00bb{}\u00a0\u00bb][et_pb_column type=\u00a0\u00bb4_4&Prime; _builder_version=\u00a0\u00bb4.17.3&Prime; _module_preset=\u00a0\u00bbdefault\u00a0\u00bb global_colors_info=\u00a0\u00bb{}\u00a0\u00bb][et_pb_post_title meta=\u00a0\u00bboff\u00a0\u00bb featured_image=\u00a0\u00bboff\u00a0\u00bb _builder_version=\u00a0\u00bb4.20.4&Prime; _module_preset=\u00a0\u00bbdefault\u00a0\u00bb title_font=\u00a0\u00bbInter|700|||||||\u00a0\u00bb title_text_align=\u00a0\u00bbleft\u00a0\u00bb title_text_color=\u00a0\u00bb#FFFFFF\u00a0\u00bb title_font_size=\u00a0\u00bb88px\u00a0\u00bb title_letter_spacing=\u00a0\u00bb-1px\u00a0\u00bb title_font_size_tablet=\u00a0\u00bb75px\u00a0\u00bb title_font_size_phone=\u00a0\u00bb45px\u00a0\u00bb title_font_size_last_edited=\u00a0\u00bbon|phone\u00a0\u00bb global_colors_info=\u00a0\u00bb{}\u00a0\u00bb][\/et_pb_post_title][et_pb_text _builder_version=\u00a0\u00bb4.21.0&Prime; _module_preset=\u00a0\u00bb4e3ae25f-bbf1-449f-9758-706efd52a5e1&Prime; text_font=\u00a0\u00bbInter|300|||||||\u00a0\u00bb text_text_color=\u00a0\u00bb#FFFFFF\u00a0\u00bb text_font_size=\u00a0\u00bb17px\u00a0\u00bb text_line_height=\u00a0\u00bb1.6em\u00a0\u00bb header_2_text_color=\u00a0\u00bb#184585&Prime; header_3_text_color=\u00a0\u00bb#184585&Prime; max_width=\u00a0\u00bb700px\u00a0\u00bb custom_margin=\u00a0\u00bb15px||38px||false|false\u00a0\u00bb custom_padding=\u00a0\u00bb0px||0px||false|false\u00a0\u00bb animation_direction=\u00a0\u00bbbottom\u00a0\u00bb text_font_size_tablet=\u00a0\u00bb17px\u00a0\u00bb text_font_size_phone=\u00a0\u00bb16px\u00a0\u00bb text_text_align=\u00a0\u00bbleft\u00a0\u00bb global_colors_info=\u00a0\u00bb{}\u00a0\u00bb body_font_size_tablet=\u00a0\u00bb17px\u00a0\u00bb body_font_size_phone=\u00a0\u00bb16px\u00a0\u00bb body_font_size_last_edited=\u00a0\u00bbon|phone\u00a0\u00bb]<\/p>\n<p>Offres d&#8217;emploi chez Metty Weyrich &amp; Fils<\/p>\n<p>[\/et_pb_text][et_pb_button button_url=\u00a0\u00bbhttps:\/\/weyrich.lu\/kontakt\/\u00a0\u00bb button_text=\u00a0\u00bbContact\u00a0\u00bb _builder_version=\u00a0\u00bb4.20.4&Prime; _module_preset=\u00a0\u00bb455d9eda-3ae7-4383-bc6b-7ef4a236eada\u00a0\u00bb global_colors_info=\u00a0\u00bb{}\u00a0\u00bb][\/et_pb_button][\/et_pb_column][\/et_pb_row][\/et_pb_section][et_pb_section fb_built=\u00a0\u00bb1&Prime; custom_padding_last_edited=\u00a0\u00bbon|phone\u00a0\u00bb disabled_on=\u00a0\u00bboff|off|off\u00a0\u00bb module_id=\u00a0\u00bba propos de\u00a0\u00bb _builder_version=\u00a0\u00bb4.20.4&Prime; _module_preset=\u00a0\u00bbdefault\u00a0\u00bb background_color=\u00a0\u00bbrgba(244,244,244,0.62)\u00a0\u00bb background_enable_image=\u00a0\u00bboff\u00a0\u00bb background_size=\u00a0\u00bbcustom\u00a0\u00bb background_image_width=\u00a0\u00bb301px\u00a0\u00bb background_repeat=\u00a0\u00bbrepeat\u00a0\u00bb custom_margin=\u00a0\u00bb0px||0px||false|false\u00a0\u00bb custom_padding=\u00a0\u00bb120px||120px||true|false\u00a0\u00bb custom_padding_tablet=\u00a0\u00bb70px||70px||true|false\u00a0\u00bb custom_padding_phone=\u00a0\u00bb50px||50px||true|false\u00a0\u00bb global_colors_info=\u00a0\u00bb{}\u00a0\u00bb][et_pb_row use_custom_gutter=\u00a0\u00bbon\u00a0\u00bb make_equal=\u00a0\u00bbon\u00a0\u00bb _builder_version=\u00a0\u00bb4.18.0&Prime; _module_preset=\u00a0\u00bbdefault\u00a0\u00bb width=\u00a0\u00bb90%\u00a0\u00bb max_width=\u00a0\u00bb1140px\u00a0\u00bb custom_padding=\u00a0\u00bb0px||0px||false|false\u00a0\u00bb global_colors_info=\u00a0\u00bb{}\u00a0\u00bb][et_pb_column type=\u00a0\u00bb4_4&Prime; _builder_version=\u00a0\u00bb4.17.4&Prime; _module_preset=\u00a0\u00bbdefault\u00a0\u00bb custom_padding_tablet=\u00a0\u00bb|||0px|false|false\u00a0\u00bb custom_padding_phone=\u00a0\u00bb|||0px|false|false\u00a0\u00bb custom_padding_last_edited=\u00a0\u00bbon|tablet\u00a0\u00bb custom_css_main_element=\u00a0\u00bbmargin:auto\u00a0\u00bb global_colors_info=\u00a0\u00bb{}\u00a0\u00bb][et_pb_text _builder_version=\u00a0\u00bb4.20.4&Prime; _module_preset=\u00a0\u00bb4e3ae25f-bbf1-449f-9758-706efd52a5e1&Prime; header_3_font=\u00a0\u00bbInter|700||on|||||\u00a0\u00bb header_3_text_align=\u00a0\u00bbleft\u00a0\u00bb header_3_text_color=\u00a0\u00bb#cf2825&Prime; header_3_font_size=\u00a0\u00bb14px\u00a0\u00bb custom_margin=\u00a0\u00bb0px||10px||false|false\u00a0\u00bb custom_padding=\u00a0\u00bb0px||0px||false|false\u00a0\u00bb header_3_font_size_tablet=\u00a0\u00bb17px\u00a0\u00bb header_3_font_size_phone=\u00a0\u00bb15px\u00a0\u00bb header_3_font_size_last_edited=\u00a0\u00bbon|phone\u00a0\u00bb global_colors_info=\u00a0\u00bb{}\u00a0\u00bb]<\/p>\n<h3>Emplois<\/h3>\n<p>[\/et_pb_text][et_pb_text _builder_version=\u00a0\u00bb4.21.0&Prime; _module_preset=\u00a0\u00bb4e3ae25f-bbf1-449f-9758-706efd52a5e1&Prime; header_font=\u00a0\u00bbInter||||||||\u00a0\u00bb header_2_font=\u00a0\u00bbInter|700|||||||\u00a0\u00bb header_2_text_color=\u00a0\u00bb#001117&Prime; header_2_font_size=\u00a0\u00bb42px\u00a0\u00bb header_2_letter_spacing=\u00a0\u00bb-1px\u00a0\u00bb header_2_line_height=\u00a0\u00bb1.2em\u00a0\u00bb header_3_font=\u00a0\u00bbInter||||||||\u00a0\u00bb header_3_text_color=\u00a0\u00bb#184585&Prime; header_4_font=\u00a0\u00bbInter||||||||\u00a0\u00bb custom_margin=\u00a0\u00bb0px||10px||false|false\u00a0\u00bb custom_padding=\u00a0\u00bb0px||0px||false|false\u00a0\u00bb animation_direction=\u00a0\u00bbbottom\u00a0\u00bb header_2_font_size_tablet=\u00a0\u00bb36px\u00a0\u00bb header_2_font_size_phone=\u00a0\u00bb28px\u00a0\u00bb global_colors_info=\u00a0\u00bb{}\u00a0\u00bb]<\/p>\n<h2>Rejoignez notre \u00e9quipe dynamique et participez \u00e0 la construction de l&rsquo;avenir !<\/h2>\n<p>[\/et_pb_text][\/et_pb_column][\/et_pb_row][et_pb_row use_custom_gutter=\u00a0\u00bbon\u00a0\u00bb make_equal=\u00a0\u00bbon\u00a0\u00bb _builder_version=\u00a0\u00bb4.20.4&Prime; _module_preset=\u00a0\u00bbdefault\u00a0\u00bb width=\u00a0\u00bb90%\u00a0\u00bb max_width=\u00a0\u00bb1140px\u00a0\u00bb custom_padding=\u00a0\u00bb0px||0px||false|false\u00a0\u00bb global_colors_info=\u00a0\u00bb{}\u00a0\u00bb][et_pb_column type=\u00a0\u00bb4_4&Prime; _builder_version=\u00a0\u00bb4.17.4&Prime; _module_preset=\u00a0\u00bbdefault\u00a0\u00bb custom_padding_tablet=\u00a0\u00bb|||0px|false|false\u00a0\u00bb custom_padding_phone=\u00a0\u00bb|||0px|false|false\u00a0\u00bb custom_padding_last_edited=\u00a0\u00bbon|tablet\u00a0\u00bb custom_css_main_element=\u00a0\u00bbmargin:auto\u00a0\u00bb global_colors_info=\u00a0\u00bb{}\u00a0\u00bb][et_pb_text _builder_version=\u00a0\u00bb4.21.0&Prime; _module_preset=\u00a0\u00bb4e3ae25f-bbf1-449f-9758-706efd52a5e1&Prime; text_font=\u00a0\u00bbInter|300|||||||\u00a0\u00bb text_text_color=\u00a0\u00bb#59595b\u00a0\u00bb text_font_size=\u00a0\u00bb17px\u00a0\u00bb header_2_text_color=\u00a0\u00bb#184585&Prime; header_3_text_color=\u00a0\u00bb#184585&Prime; custom_margin=\u00a0\u00bb0px||38px||false|false\u00a0\u00bb custom_margin_tablet=\u00a0\u00bb0px||38px||false|false\u00a0\u00bb custom_margin_phone=\u00a0\u00bb||45px||false|false\u00a0\u00bb custom_margin_last_edited=\u00a0\u00bbon|tablet\u00a0\u00bb custom_padding=\u00a0\u00bb0px||0px||false|false\u00a0\u00bb animation_direction=\u00a0\u00bbbottom\u00a0\u00bb text_font_size_tablet=\u00a0\u00bb17px\u00a0\u00bb text_font_size_phone=\u00a0\u00bb16px\u00a0\u00bb text_text_align=\u00a0\u00bbleft\u00a0\u00bb global_colors_info=\u00a0\u00bb{}\u00a0\u00bb]<\/p>\n<p>D\u00e9couvrez des opportunit\u00e9s de carri\u00e8re passionnantes chez Metty Weyrich &amp; Fils. En tant qu&rsquo;entreprise prosp\u00e8re dans le secteur de la construction, nous vous offrons de nombreuses opportunit\u00e9s d&#8217;emploi et un environnement de travail stimulant. Chez nous, vous pouvez d\u00e9velopper vos comp\u00e9tences et travailler avec une \u00e9quipe engag\u00e9e sur des projets stimulants. Nous recherchons des personnes motiv\u00e9es et talentueuses qui r\u00e9pondent \u00e0 nos exigences de qualit\u00e9 \u00e9lev\u00e9es et qui souhaitent construire l&rsquo;avenir avec nous. Si vous \u00eates \u00e0 la recherche d&rsquo;un nouveau d\u00e9fi professionnel, vous \u00eates \u00e0 la bonne adresse. Rejoignez notre \u00e9quipe et apportez votre expertise et votre passion \u00e0 nos projets.     <\/p>\n<p>[\/et_pb_text][et_pb_text _builder_version=\u00a0\u00bb4.22.1&Prime; _module_preset=\u00a0\u00bb4e3ae25f-bbf1-449f-9758-706efd52a5e1&Prime; text_font=\u00a0\u00bbInter|300|||||||\u00a0\u00bb text_text_color=\u00a0\u00bb#59595b\u00a0\u00bb text_font_size=\u00a0\u00bb17px\u00a0\u00bb ul_text_color=\u00a0\u00bb#cf2825&Prime; header_2_text_color=\u00a0\u00bb#184585&Prime; header_3_text_color=\u00a0\u00bb#184585&Prime; custom_margin=\u00a0\u00bb0px||38px||false|false\u00a0\u00bb custom_margin_tablet=\u00a0\u00bb0px||38px||false|false\u00a0\u00bb custom_margin_phone=\u00a0\u00bb||45px||false|false\u00a0\u00bb custom_margin_last_edited=\u00a0\u00bbon|tablet\u00a0\u00bb custom_padding=\u00a0\u00bb0px||0px||false|false\u00a0\u00bb animation_direction=\u00a0\u00bbbottom\u00a0\u00bb text_font_size_tablet=\u00a0\u00bb17px\u00a0\u00bb text_font_size_phone=\u00a0\u00bb16px\u00a0\u00bb text_text_align=\u00a0\u00bbleft\u00a0\u00bb global_colors_info=\u00a0\u00bb{}\u00a0\u00bb]<\/p>\n<p><strong>Nous recherchons<\/strong><strong><\/strong><\/p>\n<ul>\n<li><strong>Couvreur\/ Compagnon ou Ma\u00eetre<\/strong><\/li>\n<li><strong>Charpentier \/ Compagnon ou Ma\u00eetre<\/strong><\/li>\n<li><strong>Plombier \/ Compagnon ou Ma\u00eetre<\/strong><\/li>\n<\/ul>\n<p>[\/et_pb_text][et_pb_button button_text=\u00a0\u00bbPostuler maintenant\u00a0\u00bb _builder_version=\u00a0\u00bb4.23&Prime; _module_preset=\u00a0\u00bbb2181a26-8881-4812-93bc-ea0e4e9ec6f2&Prime; button_url=\u00a0\u00bbmailto:info@weyrich.lu\u00a0\u00bb url_new_window=\u00a0\u00bbon\u00a0\u00bb hover_enabled=\u00a0\u00bb0&Prime; sticky_enabled=\u00a0\u00bb0&Prime;][\/et_pb_button][et_pb_text disabled_on=\u00a0\u00bbon|on|on\u00a0\u00bb _builder_version=\u00a0\u00bb4.22.1&Prime; _module_preset=\u00a0\u00bb4e3ae25f-bbf1-449f-9758-706efd52a5e1&Prime; text_font=\u00a0\u00bbInter|300|||||||\u00a0\u00bb text_text_color=\u00a0\u00bb#59595b\u00a0\u00bb text_font_size=\u00a0\u00bb17px\u00a0\u00bb header_2_text_color=\u00a0\u00bb#184585&Prime; header_3_text_color=\u00a0\u00bb#184585&Prime; custom_margin=\u00a0\u00bb0px||38px||false|false\u00a0\u00bb custom_margin_tablet=\u00a0\u00bb0px||38px||false|false\u00a0\u00bb custom_margin_phone=\u00a0\u00bb||45px||false|false\u00a0\u00bb custom_margin_last_edited=\u00a0\u00bbon|tablet\u00a0\u00bb custom_padding=\u00a0\u00bb0px||0px||false|false\u00a0\u00bb animation_direction=\u00a0\u00bbbottom\u00a0\u00bb text_font_size_tablet=\u00a0\u00bb17px\u00a0\u00bb text_font_size_phone=\u00a0\u00bb16px\u00a0\u00bb text_text_align=\u00a0\u00bbleft\u00a0\u00bb disabled=\u00a0\u00bbon\u00a0\u00bb global_colors_info=\u00a0\u00bb{}\u00a0\u00bb]<\/p>\n<p><strong>Actuellement, nous n&rsquo;avons pas d&rsquo;offres d&#8217;emploi<\/strong><\/p>\n<p>[\/et_pb_text][\/et_pb_column][\/et_pb_row][\/et_pb_section]<\/p>\n","protected":false},"excerpt":{"rendered":"<p>Offres d&#8217;emploi chez Metty Weyrich &amp; FilsEmploisRejoignez notre \u00e9quipe dynamique et participez \u00e0 la construction de l&rsquo;avenir !D\u00e9couvrez des opportunit\u00e9s de carri\u00e8re passionnantes chez Metty Weyrich &amp; Fils. En tant qu&rsquo;entreprise prosp\u00e8re dans le secteur de la construction, nous vous offrons de nombreuses opportunit\u00e9s d&#8217;emploi et un environnement de travail stimulant. Chez nous, vous pouvez [&hellip;]<\/p>\n","protected":false},"author":1,"featured_media":0,"parent":0,"menu_order":0,"comment_status":"closed","ping_status":"closed","template":"","meta":{"_et_pb_use_builder":"on","_et_pb_old_content":"","_et_gb_content_width":"","inline_featured_image":false,"footnotes":""},"class_list":["post-954","page","type-page","status-publish","hentry"],"_links":{"self":[{"href":"https:\/\/weyrich.lu\/fr\/wp-json\/wp\/v2\/pages\/954","targetHints":{"allow":["GET"]}}],"collection":[{"href":"https:\/\/weyrich.lu\/fr\/wp-json\/wp\/v2\/pages"}],"about":[{"href":"https:\/\/weyrich.lu\/fr\/wp-json\/wp\/v2\/types\/page"}],"author":[{"embeddable":true,"href":"https:\/\/weyrich.lu\/fr\/wp-json\/wp\/v2\/users\/1"}],"replies":[{"embeddable":true,"href":"https:\/\/weyrich.lu\/fr\/wp-json\/wp\/v2\/comments?post=954"}],"version-history":[{"count":2,"href":"https:\/\/weyrich.lu\/fr\/wp-json\/wp\/v2\/pages\/954\/revisions"}],"predecessor-version":[{"id":956,"href":"https:\/\/weyrich.lu\/fr\/wp-json\/wp\/v2\/pages\/954\/revisions\/956"}],"wp:attachment":[{"href":"https:\/\/weyrich.lu\/fr\/wp-json\/wp\/v2\/media?parent=954"}],"curies":[{"name":"wp","href":"https:\/\/api.w.org\/{rel}","templated":true}]}}